{"id":355,"date":"2022-10-13T15:21:40","date_gmt":"2022-10-13T15:21:40","guid":{"rendered":"http:\/\/shop.mellowmagicworld.com\/?page_id=355"},"modified":"2022-11-17T17:49:47","modified_gmt":"2022-11-17T17:49:47","slug":"haendler-und-wiederverkaeufer","status":"publish","type":"page","link":"https:\/\/shop.mellowmagicworld.com\/en\/haendler-und-wiederverkaeufer","title":{"rendered":"H\u00e4ndler &#038; Wiederverk\u00e4ufer"},"content":{"rendered":"<div class=\"wpb-content-wrapper\"><div data-parent=\"true\" class=\"vc_row row-container\" id=\"row-unique-0\"><div class=\"row-background background-element\">\n\t\t\t\t\t\t\t\t\t\t\t<div class=\"background-wrapper\">\n\t\t\t\t\t\t\t\t\t\t\t\t<div class=\"background-inner\" style=\"background-image: url(https:\/\/shop.mellowmagicworld.com\/wp-content\/uploads\/2022\/09\/shop_titel_startseite-e1665676130862.jpg);background-repeat: no-repeat;background-position: center center;background-attachment: scroll;background-size: cover;\"><\/div>\n\t\t\t\t\t\t\t\t\t\t\t\t\n\t\t\t\t\t\t\t\t\t\t\t<\/div>\n\t\t\t\t\t\t\t\t\t\t<\/div><div class=\"row unequal quad-top-padding quad-bottom-padding single-h-padding limit-width row-parent\" data-height-ratio=\"80\"><div class=\"wpb_row row-inner\"><div class=\"wpb_column pos-bottom pos-center align_left column_parent col-lg-12 single-internal-gutter\"><div class=\"uncol style-dark\"  ><div class=\"uncoltable\"><div class=\"uncell no-block-padding\" ><div class=\"uncont\" ><div class=\"vc_row row-internal row-container\"><div class=\"row row-child\"><div class=\"wpb_row row-inner\"><div class=\"wpb_column pos-top pos-center align_center column_child col-lg-9 single-internal-gutter\"><div class=\"uncol style-dark animate_when_almost_visible alpha-anim\" data-delay=\"200\"><div class=\"uncoltable\"><div class=\"uncell no-block-padding\" ><div class=\"uncont\" ><div class=\"vc_custom_heading_wrap\"><div class=\"heading-text el-text\" ><h1 class=\"h1 text-uppercase\" ><span>For resellers and dealers<\/span><\/h1><\/div><div class=\"clear\"><\/div><\/div><\/div><\/div><\/div><\/div><\/div><\/div><\/div><\/div><\/div><\/div><\/div><\/div><\/div><script id=\"script-row-unique-0\" data-row=\"script-row-unique-0\" type=\"text\/javascript\" class=\"vc_controls\">UNCODE.initRow(document.getElementById(\"row-unique-0\"));<\/script><\/div><\/div><\/div><div data-parent=\"true\" class=\"vc_row row-container\" id=\"row-unique-1\"><div class=\"row limit-width row-parent\"><div class=\"wpb_row row-inner\"><div class=\"wpb_column pos-middle pos-center align_center column_parent col-lg-12 single-internal-gutter\"><div class=\"uncol style-light\"  ><div class=\"uncoltable\"><div class=\"uncell no-block-padding\" ><div class=\"uncont\" ><div class=\"uncode_text_column\" ><p><strong>Do you have a yoga studio, a caf\u00e9, a practice or another business where you would like to recommend our cocoa?<\/strong><\/p>\n<p>We are happy about all interested parties who want to help us to bring these incredible, great, traditional products into the world. Just write us a short message about what you are doing and we will get back to you as soon as possible.<\/p>\n<\/div><\/div><\/div><\/div><\/div><\/div><script id=\"script-row-unique-1\" data-row=\"script-row-unique-1\" type=\"text\/javascript\" class=\"vc_controls\">UNCODE.initRow(document.getElementById(\"row-unique-1\"));<\/script><\/div><\/div><\/div><div data-parent=\"true\" class=\"vc_row row-container\" id=\"row-unique-2\"><div class=\"row limit-width row-parent\"><div class=\"wpb_row row-inner\"><div class=\"wpb_column pos-top pos-center align_left column_parent col-lg-12 single-internal-gutter\"><div class=\"uncol style-light\"  ><div class=\"uncoltable\"><div class=\"uncell no-block-padding\" ><div class=\"uncont\" >\n<div class=\"wpcf7 no-js\" id=\"wpcf7-f26-o1\" lang=\"en-US\" dir=\"ltr\" data-wpcf7-id=\"26\">\n<div class=\"screen-reader-response\"><p role=\"status\" aria-live=\"polite\" aria-atomic=\"true\"><\/p> <ul><\/ul><\/div>\n<form action=\"\/en\/wp-json\/wp\/v2\/pages\/355#wpcf7-f26-o1\" method=\"post\" class=\"wpcf7-form init input-background\" aria-label=\"Contact form\" novalidate=\"novalidate\" data-status=\"init\" data-trp-original-action=\"\/en\/wp-json\/wp\/v2\/pages\/355#wpcf7-f26-o1\">\n<fieldset class=\"hidden-fields-container\"><input type=\"hidden\" name=\"_wpcf7\" value=\"26\" \/><input type=\"hidden\" name=\"_wpcf7_version\" value=\"6.1.5\" \/><input type=\"hidden\" name=\"_wpcf7_locale\" value=\"en_US\" \/><input type=\"hidden\" name=\"_wpcf7_unit_tag\" value=\"wpcf7-f26-o1\" \/><input type=\"hidden\" name=\"_wpcf7_container_post\" value=\"0\" \/><input type=\"hidden\" name=\"_wpcf7_posted_data_hash\" value=\"\" \/>\n<\/fieldset>\n<div class=\"wpcf7-inline-wrapper\">\n\t<p class=\"wpcf7-inline-field\"><span class=\"wpcf7-form-control-wrap\" data-name=\"your-firstname\"><input size=\"40\" maxlength=\"400\" class=\"wpcf7-form-control wpcf7-text wpcf7-validates-as-required\" aria-required=\"true\" aria-invalid=\"false\" placeholder=\"Your first name*\" value=\"\" type=\"text\" name=\"your-firstname\" \/><\/span>\n\t<\/p>\n\t<p class=\"wpcf7-inline-field\"><span class=\"wpcf7-form-control-wrap\" data-name=\"your-lastname\"><input size=\"40\" maxlength=\"400\" class=\"wpcf7-form-control wpcf7-text wpcf7-validates-as-required\" aria-required=\"true\" aria-invalid=\"false\" placeholder=\"your last name\" value=\"\" type=\"text\" name=\"your-lastname\" \/><\/span>\n\t<\/p>\n<\/div>\n<div class=\"wpcf7-inline-wrapper\">\n\t<p class=\"wpcf7-inline-field\"><span class=\"wpcf7-form-control-wrap\" data-name=\"your-email\"><input size=\"40\" maxlength=\"400\" class=\"wpcf7-form-control wpcf7-email wpcf7-validates-as-required wpcf7-text wpcf7-validates-as-email\" aria-required=\"true\" aria-invalid=\"false\" placeholder=\"Your email*\" value=\"\" type=\"email\" name=\"your-email\" \/><\/span>\n\t<\/p>\n<\/div>\n<p><span class=\"wpcf7-form-control-wrap\" data-name=\"your-message\"><textarea cols=\"40\" rows=\"10\" maxlength=\"2000\" class=\"wpcf7-form-control wpcf7-textarea wpcf7-validates-as-required\" aria-required=\"true\" aria-invalid=\"false\" placeholder=\"Your message*\" name=\"your-message\"><\/textarea><\/span>\n<\/p>\n<p><span class=\"wpcf7-form-control-wrap\" data-name=\"accept-this-1\"><span class=\"wpcf7-form-control wpcf7-acceptance\"><span class=\"wpcf7-list-item\"><label><input type=\"checkbox\" name=\"accept-this-1\" value=\"1\" aria-invalid=\"false\" \/><span class=\"wpcf7-list-item-label\">I have read the privacy policy and accept it.*<\/span><\/label><\/span><\/span><\/span>\n<\/p>\n<p><input class=\"wpcf7-form-control wpcf7-submit has-spinner btn btn-accent btn-block\" type=\"submit\" value=\"Send Message\" \/>\n<\/p><input type='hidden' class='wpcf7-pum' value='{\"closepopup\":false,\"closedelay\":0,\"openpopup\":false,\"openpopup_id\":0}' \/><div class=\"wpcf7-response-output\" aria-hidden=\"true\"><\/div>\n<input type=\"hidden\" name=\"trp-form-language\" value=\"en\"\/><\/form>\n<\/div>\n<\/div><\/div><\/div><\/div><\/div><script id=\"script-row-unique-2\" data-row=\"script-row-unique-2\" type=\"text\/javascript\" class=\"vc_controls\">UNCODE.initRow(document.getElementById(\"row-unique-2\"));<\/script><\/div><\/div><\/div><div data-parent=\"true\" class=\"vc_row row-container\" id=\"row-unique-3\"><div class=\"row quad-top-padding quad-bottom-padding single-h-padding limit-width row-parent\"><div class=\"wpb_row row-inner\"><div class=\"wpb_column pos-top pos-center align_center column_parent col-lg-12 single-internal-gutter\"><div class=\"uncol style-light\"  ><div class=\"uncoltable\"><div class=\"uncell no-block-padding\" ><div class=\"uncont\" ><div class=\"vc_custom_heading_wrap\"><div class=\"heading-text el-text\" ><h2 class=\"h2 text-accent-color text-uppercase\" ><span>Are you looking for something specific?<\/span><\/h2><\/div><div class=\"clear\"><\/div><\/div><div class=\"vc_row row-internal row-container\"><div class=\"row row-child\"><div class=\"wpb_row row-inner\"><div class=\"wpb_column pos-top pos-center align_center column_child col-lg-4 single-internal-gutter\"><div class=\"uncol style-light\" ><div class=\"uncoltable\"><div class=\"uncell no-block-padding\" ><div class=\"uncont\" ><div class=\"icon-box icon-box-top  icon-media-image\" ><div class=\"icon-box-icon fa-container\" style=\"width:162px;margin-bottom: 0px;\"><span class=\"text-default-color btn-disable-hover\"><img decoding=\"async\" class=\"\" src=\"https:\/\/shop.mellowmagicworld.com\/wp-content\/uploads\/2022\/10\/MellowMagic-Cacao_A36634-e1665675192508.png\" width=\"605\" height=\"410\" alt=\"\"  \/><\/span><\/div><\/div><div class=\"uncode_text_column\" ><p><strong>COCOA<\/strong> \u2013 The brown gold. So valuable and magical that you absolutely have to try it.<\/p>\n<\/div><span class=\"btn-container\" ><a href=\"https:\/\/shop.mellowmagicworld.com\/en\/cacao\/\" class=\"custom-link btn border-width-0 btn-button_color-813952 btn-icon-left\" title=\"cocoa\">To the cocoa<\/a><\/span><\/div><\/div><\/div><\/div><\/div><div class=\"wpb_column pos-top pos-center align_center column_child col-lg-4 single-internal-gutter\"><div class=\"uncol style-light\" ><div class=\"uncoltable\"><div class=\"uncell no-block-padding\" ><div class=\"uncont\" ><div class=\"icon-box icon-box-top  icon-media-image\" ><div class=\"icon-box-icon fa-container\" style=\"width:150px;margin-bottom: 0px;\"><span class=\"text-default-color btn-disable-hover\"><img decoding=\"async\" class=\"\" src=\"https:\/\/shop.mellowmagicworld.com\/wp-content\/uploads\/2022\/10\/MellowMagic-Selection_A36634-e1665675138214.png\" width=\"612\" height=\"449\" alt=\"\"  \/><\/span><\/div><\/div><div class=\"uncode_text_column\" ><p><strong>SELECTION\u00a0<\/strong>- Browse through the unique products of wonderful people.<\/p>\n<\/div><span class=\"btn-container\" ><a href=\"https:\/\/shop.mellowmagicworld.com\/en\/selection\/\" class=\"custom-link btn border-width-0 btn-button_color-455775 btn-icon-left\" title=\"Selection\">To Selection<\/a><\/span><\/div><\/div><\/div><\/div><\/div><div class=\"wpb_column pos-top pos-center align_center column_child col-lg-4 single-internal-gutter\"><div class=\"uncol style-light\" ><div class=\"uncoltable\"><div class=\"uncell no-block-padding\" ><div class=\"uncont\" ><div class=\"icon-box icon-box-top  icon-media-image\" ><div class=\"icon-box-icon fa-container\" style=\"width:200px;margin-bottom: 0px;\"><span class=\"text-default-color btn-disable-hover\"><img decoding=\"async\" class=\"\" src=\"https:\/\/shop.mellowmagicworld.com\/wp-content\/uploads\/2022\/10\/MellowMagic-Shop_A36634-e1665675255484.png\" width=\"726\" height=\"400\" alt=\"\"  \/><\/span><\/div><\/div><div class=\"uncode_text_column\" ><p><strong>BLOG\u00a0<\/strong>\u2013 Find out more interesting facts about our products and the people behind them<\/p>\n<\/div><span class=\"btn-container\" ><a href=\"https:\/\/shop.mellowmagicworld.com\/en\/blog\/\" class=\"custom-link btn border-width-0 btn-button_color-157409 btn-icon-left\" title=\"Selection\">To the blog<\/a><\/span><\/div><\/div><\/div><\/div><\/div><\/div><\/div><\/div><\/div><\/div><\/div><\/div><\/div><script id=\"script-row-unique-3\" data-row=\"script-row-unique-3\" type=\"text\/javascript\" class=\"vc_controls\">UNCODE.initRow(document.getElementById(\"row-unique-3\"));<\/script><\/div><\/div><\/div>\n<\/div>","protected":false},"excerpt":{"rendered":"F\u00fcr Wiederverk\u00e4ufer und H\u00e4ndlerDu hast ein Yogastudio, ein C\u00e1fe, eine Praxis oder ein anderes Gewerbe in dem Du unseren Kakao [...]","protected":false},"author":1,"featured_media":0,"parent":0,"menu_order":0,"comment_status":"closed","ping_status":"closed","template":"","meta":{"footnotes":""},"class_list":["post-355","page","type-page","status-publish","hentry"],"yoast_head":"<!-- This site is optimized with the Yoast SEO Premium plugin v21.4 (Yoast SEO v27.4) - https:\/\/yoast.com\/product\/yoast-seo-premium-wordpress\/ -->\n<title>F\u00fcr Wiederverk\u00e4ufer und H\u00e4ndler<\/title>\n<meta name=\"description\" content=\"Du m\u00f6chtest unseren Kakao in deinem Cafe anbieten oder in deinem Yogastudio nutzen? Hier gibt es ein Formular f\u00fcr Wiederverk\u00e4ufer und H\u00e4ndler.\" \/>\n<meta name=\"robots\" content=\"index, follow, max-snippet:-1, max-image-preview:large, max-video-preview:-1\" \/>\n<link rel=\"canonical\" href=\"https:\/\/shop.mellowmagicworld.com\/en\/haendler-und-wiederverkaeufer\/\" \/>\n<meta property=\"og:locale\" content=\"en_GB\" \/>\n<meta property=\"og:type\" content=\"article\" \/>\n<meta property=\"og:title\" content=\"H\u00e4ndler &amp; Wiederverk\u00e4ufer\" \/>\n<meta property=\"og:description\" content=\"Du m\u00f6chtest unseren Kakao in deinem Cafe anbieten oder in deinem Yogastudio nutzen? Hier gibt es ein Formular f\u00fcr Wiederverk\u00e4ufer und H\u00e4ndler.\" \/>\n<meta property=\"og:url\" content=\"https:\/\/shop.mellowmagicworld.com\/en\/haendler-und-wiederverkaeufer\/\" \/>\n<meta property=\"og:site_name\" content=\"Mellow Magic Shop\" \/>\n<meta property=\"article:modified_time\" content=\"2022-11-17T17:49:47+00:00\" \/>\n<meta name=\"twitter:card\" content=\"summary_large_image\" \/>\n<meta name=\"twitter:label1\" content=\"Estimated reading time\" \/>\n\t<meta name=\"twitter:data1\" content=\"2 minutes\" \/>\n<script type=\"application\/ld+json\" class=\"yoast-schema-graph\">{\"@context\":\"https:\\\/\\\/schema.org\",\"@graph\":[{\"@type\":\"WebPage\",\"@id\":\"https:\\\/\\\/shop.mellowmagicworld.com\\\/haendler-und-wiederverkaeufer\",\"url\":\"https:\\\/\\\/shop.mellowmagicworld.com\\\/haendler-und-wiederverkaeufer\",\"name\":\"F\u00fcr Wiederverk\u00e4ufer und H\u00e4ndler\",\"isPartOf\":{\"@id\":\"https:\\\/\\\/shop.mellowmagicworld.com\\\/#website\"},\"datePublished\":\"2022-10-13T15:21:40+00:00\",\"dateModified\":\"2022-11-17T17:49:47+00:00\",\"description\":\"Du m\u00f6chtest unseren Kakao in deinem Cafe anbieten oder in deinem Yogastudio nutzen? Hier gibt es ein Formular f\u00fcr Wiederverk\u00e4ufer und H\u00e4ndler.\",\"breadcrumb\":{\"@id\":\"https:\\\/\\\/shop.mellowmagicworld.com\\\/haendler-und-wiederverkaeufer#breadcrumb\"},\"inLanguage\":\"en-GB\",\"potentialAction\":[{\"@type\":\"ReadAction\",\"target\":[\"https:\\\/\\\/shop.mellowmagicworld.com\\\/haendler-und-wiederverkaeufer\"]}]},{\"@type\":\"BreadcrumbList\",\"@id\":\"https:\\\/\\\/shop.mellowmagicworld.com\\\/haendler-und-wiederverkaeufer#breadcrumb\",\"itemListElement\":[{\"@type\":\"ListItem\",\"position\":1,\"name\":\"Startseite\",\"item\":\"https:\\\/\\\/shop.mellowmagicworld.com\\\/\"},{\"@type\":\"ListItem\",\"position\":2,\"name\":\"H\u00e4ndler &#038; Wiederverk\u00e4ufer\"}]},{\"@type\":\"WebSite\",\"@id\":\"https:\\\/\\\/shop.mellowmagicworld.com\\\/#website\",\"url\":\"https:\\\/\\\/shop.mellowmagicworld.com\\\/\",\"name\":\"Mellow Magic Shop\",\"description\":\"Die Welt des Kakaos\",\"potentialAction\":[{\"@type\":\"SearchAction\",\"target\":{\"@type\":\"EntryPoint\",\"urlTemplate\":\"https:\\\/\\\/shop.mellowmagicworld.com\\\/?s={search_term_string}\"},\"query-input\":{\"@type\":\"PropertyValueSpecification\",\"valueRequired\":true,\"valueName\":\"search_term_string\"}}],\"inLanguage\":\"en-GB\"}]}<\/script>\n<!-- \/ Yoast SEO Premium plugin. -->","yoast_head_json":{"title":"For resellers and dealers","description":"Du m\u00f6chtest unseren Kakao in deinem Cafe anbieten oder in deinem Yogastudio nutzen? Hier gibt es ein Formular f\u00fcr Wiederverk\u00e4ufer und H\u00e4ndler.","robots":{"index":"index","follow":"follow","max-snippet":"max-snippet:-1","max-image-preview":"max-image-preview:large","max-video-preview":"max-video-preview:-1"},"canonical":"https:\/\/shop.mellowmagicworld.com\/en\/haendler-und-wiederverkaeufer\/","og_locale":"en_GB","og_type":"article","og_title":"H\u00e4ndler & Wiederverk\u00e4ufer","og_description":"Du m\u00f6chtest unseren Kakao in deinem Cafe anbieten oder in deinem Yogastudio nutzen? Hier gibt es ein Formular f\u00fcr Wiederverk\u00e4ufer und H\u00e4ndler.","og_url":"https:\/\/shop.mellowmagicworld.com\/en\/haendler-und-wiederverkaeufer\/","og_site_name":"Mellow Magic Shop","article_modified_time":"2022-11-17T17:49:47+00:00","twitter_card":"summary_large_image","twitter_misc":{"Estimated reading time":"2 minutes"},"schema":{"@context":"https:\/\/schema.org","@graph":[{"@type":"WebPage","@id":"https:\/\/shop.mellowmagicworld.com\/haendler-und-wiederverkaeufer","url":"https:\/\/shop.mellowmagicworld.com\/haendler-und-wiederverkaeufer","name":"For resellers and dealers","isPartOf":{"@id":"https:\/\/shop.mellowmagicworld.com\/#website"},"datePublished":"2022-10-13T15:21:40+00:00","dateModified":"2022-11-17T17:49:47+00:00","description":"Du m\u00f6chtest unseren Kakao in deinem Cafe anbieten oder in deinem Yogastudio nutzen? Hier gibt es ein Formular f\u00fcr Wiederverk\u00e4ufer und H\u00e4ndler.","breadcrumb":{"@id":"https:\/\/shop.mellowmagicworld.com\/haendler-und-wiederverkaeufer#breadcrumb"},"inLanguage":"en-GB","potentialAction":[{"@type":"ReadAction","target":["https:\/\/shop.mellowmagicworld.com\/haendler-und-wiederverkaeufer"]}]},{"@type":"BreadcrumbList","@id":"https:\/\/shop.mellowmagicworld.com\/haendler-und-wiederverkaeufer#breadcrumb","itemListElement":[{"@type":"ListItem","position":1,"name":"Startseite","item":"https:\/\/shop.mellowmagicworld.com\/"},{"@type":"ListItem","position":2,"name":"H\u00e4ndler &#038; Wiederverk\u00e4ufer"}]},{"@type":"WebSite","@id":"https:\/\/shop.mellowmagicworld.com\/#website","url":"https:\/\/shop.mellowmagicworld.com\/","name":"Mellow Magic Shop","description":"The World of Cocoa","potentialAction":[{"@type":"SearchAction","target":{"@type":"EntryPoint","urlTemplate":"https:\/\/shop.mellowmagicworld.com\/?s={search_term_string}"},"query-input":{"@type":"PropertyValueSpecification","valueRequired":true,"valueName":"search_term_string"}}],"inLanguage":"en-GB"}]}},"_links":{"self":[{"href":"https:\/\/shop.mellowmagicworld.com\/en\/wp-json\/wp\/v2\/pages\/355","targetHints":{"allow":["GET"]}}],"collection":[{"href":"https:\/\/shop.mellowmagicworld.com\/en\/wp-json\/wp\/v2\/pages"}],"about":[{"href":"https:\/\/shop.mellowmagicworld.com\/en\/wp-json\/wp\/v2\/types\/page"}],"author":[{"embeddable":true,"href":"https:\/\/shop.mellowmagicworld.com\/en\/wp-json\/wp\/v2\/users\/1"}],"replies":[{"embeddable":true,"href":"https:\/\/shop.mellowmagicworld.com\/en\/wp-json\/wp\/v2\/comments?post=355"}],"version-history":[{"count":0,"href":"https:\/\/shop.mellowmagicworld.com\/en\/wp-json\/wp\/v2\/pages\/355\/revisions"}],"wp:attachment":[{"href":"https:\/\/shop.mellowmagicworld.com\/en\/wp-json\/wp\/v2\/media?parent=355"}],"curies":[{"name":"wp","href":"https:\/\/api.w.org\/{rel}","templated":true}]}}